{"id":1344,"date":"2023-02-22T17:44:24","date_gmt":"2023-02-22T17:44:24","guid":{"rendered":"https:\/\/dev.gseo.dev\/plantbasedrds\/dieteticiens\/"},"modified":"2023-04-06T22:02:40","modified_gmt":"2023-04-06T22:02:40","slug":"dieteticiens","status":"publish","type":"page","link":"https:\/\/dev.gseo.dev\/plantbasedrds\/fr\/dieteticiens\/","title":{"rendered":"Di\u00e9t\u00e9ticiens"},"content":{"rendered":"","protected":false},"excerpt":{"rendered":"","protected":false},"author":1,"featured_media":0,"parent":0,"menu_order":0,"comment_status":"closed","ping_status":"closed","template":"","meta":{"footnotes":""},"class_list":["post-1344","page","type-page","status-publish","hentry"],"acf":[],"yoast_head":"<!-- This site is optimized with the Yoast SEO plugin v20.5 - https:\/\/yoast.com\/wordpress\/plugins\/seo\/ -->\n<title>Di\u00e9t\u00e9ticiens - Plant Based Dietitians<\/title>\n<meta name=\"description\" content=\"Voici notre \u00e9quipe de di\u00e9t\u00e9ticiens et di\u00e9t\u00e9ticiennes en alimentation v\u00e9g\u00e9tale au Canada et aux \u00c9tats-Unis qui peuvent vous aider !\" \/>\n<meta name=\"robots\" content=\"noindex, follow, max-snippet:-1, max-image-preview:large, max-video-preview:-1\" \/>\n<meta property=\"og:locale\" content=\"fr_FR\" \/>\n<meta property=\"og:type\" content=\"article\" \/>\n<meta property=\"og:title\" content=\"Di\u00e9t\u00e9ticiens - Plant Based Dietitians\" \/>\n<meta property=\"og:description\" content=\"Voici notre \u00e9quipe de di\u00e9t\u00e9ticiens et di\u00e9t\u00e9ticiennes en alimentation v\u00e9g\u00e9tale au Canada et aux \u00c9tats-Unis qui peuvent vous aider !\" \/>\n<meta property=\"og:url\" content=\"https:\/\/dev.gseo.dev\/plantbasedrds\/fr\/dieteticiens\/\" \/>\n<meta property=\"og:site_name\" content=\"Plant Based Dietitians\" \/>\n<meta property=\"article:modified_time\" content=\"2023-04-06T22:02:40+00:00\" \/>\n<meta name=\"twitter:card\" content=\"summary_large_image\" \/>\n<script type=\"application\/ld+json\" class=\"yoast-schema-graph\">{\"@context\":\"https:\/\/schema.org\",\"@graph\":[{\"@type\":\"WebPage\",\"@id\":\"https:\/\/dev.gseo.dev\/plantbasedrds\/fr\/dieteticiens\/\",\"url\":\"https:\/\/dev.gseo.dev\/plantbasedrds\/fr\/dieteticiens\/\",\"name\":\"Di\u00e9t\u00e9ticiens - Plant Based Dietitians\",\"isPartOf\":{\"@id\":\"https:\/\/dev.gseo.dev\/plantbasedrds\/#website\"},\"datePublished\":\"2023-02-22T17:44:24+00:00\",\"dateModified\":\"2023-04-06T22:02:40+00:00\",\"description\":\"Voici notre \u00e9quipe de di\u00e9t\u00e9ticiens et di\u00e9t\u00e9ticiennes en alimentation v\u00e9g\u00e9tale au Canada et aux \u00c9tats-Unis qui peuvent vous aider !\",\"breadcrumb\":{\"@id\":\"https:\/\/dev.gseo.dev\/plantbasedrds\/fr\/dieteticiens\/#breadcrumb\"},\"inLanguage\":\"fr-FR\",\"potentialAction\":[{\"@type\":\"ReadAction\",\"target\":[\"https:\/\/dev.gseo.dev\/plantbasedrds\/fr\/dieteticiens\/\"]}]},{\"@type\":\"BreadcrumbList\",\"@id\":\"https:\/\/dev.gseo.dev\/plantbasedrds\/fr\/dieteticiens\/#breadcrumb\",\"itemListElement\":[{\"@type\":\"ListItem\",\"position\":1,\"name\":\"Home\",\"item\":\"https:\/\/dev.gseo.dev\/plantbasedrds\/fr\/\"},{\"@type\":\"ListItem\",\"position\":2,\"name\":\"Di\u00e9t\u00e9ticiens\"}]},{\"@type\":\"WebSite\",\"@id\":\"https:\/\/dev.gseo.dev\/plantbasedrds\/#website\",\"url\":\"https:\/\/dev.gseo.dev\/plantbasedrds\/\",\"name\":\"Plant Based Dietitians\",\"description\":\"Vegan &amp; Vegetarian Dietitians\",\"potentialAction\":[{\"@type\":\"SearchAction\",\"target\":{\"@type\":\"EntryPoint\",\"urlTemplate\":\"https:\/\/dev.gseo.dev\/plantbasedrds\/?s={search_term_string}\"},\"query-input\":\"required name=search_term_string\"}],\"inLanguage\":\"fr-FR\"}]}<\/script>\n<!-- \/ Yoast SEO plugin. -->","yoast_head_json":{"title":"Di\u00e9t\u00e9ticiens - Plant Based Dietitians","description":"Voici notre \u00e9quipe de di\u00e9t\u00e9ticiens et di\u00e9t\u00e9ticiennes en alimentation v\u00e9g\u00e9tale au Canada et aux \u00c9tats-Unis qui peuvent vous aider !","robots":{"index":"noindex","follow":"follow","max-snippet":"max-snippet:-1","max-image-preview":"max-image-preview:large","max-video-preview":"max-video-preview:-1"},"og_locale":"fr_FR","og_type":"article","og_title":"Di\u00e9t\u00e9ticiens - Plant Based Dietitians","og_description":"Voici notre \u00e9quipe de di\u00e9t\u00e9ticiens et di\u00e9t\u00e9ticiennes en alimentation v\u00e9g\u00e9tale au Canada et aux \u00c9tats-Unis qui peuvent vous aider !","og_url":"https:\/\/dev.gseo.dev\/plantbasedrds\/fr\/dieteticiens\/","og_site_name":"Plant Based Dietitians","article_modified_time":"2023-04-06T22:02:40+00:00","twitter_card":"summary_large_image","schema":{"@context":"https:\/\/schema.org","@graph":[{"@type":"WebPage","@id":"https:\/\/dev.gseo.dev\/plantbasedrds\/fr\/dieteticiens\/","url":"https:\/\/dev.gseo.dev\/plantbasedrds\/fr\/dieteticiens\/","name":"Di\u00e9t\u00e9ticiens - Plant Based Dietitians","isPartOf":{"@id":"https:\/\/dev.gseo.dev\/plantbasedrds\/#website"},"datePublished":"2023-02-22T17:44:24+00:00","dateModified":"2023-04-06T22:02:40+00:00","description":"Voici notre \u00e9quipe de di\u00e9t\u00e9ticiens et di\u00e9t\u00e9ticiennes en alimentation v\u00e9g\u00e9tale au Canada et aux \u00c9tats-Unis qui peuvent vous aider !","breadcrumb":{"@id":"https:\/\/dev.gseo.dev\/plantbasedrds\/fr\/dieteticiens\/#breadcrumb"},"inLanguage":"fr-FR","potentialAction":[{"@type":"ReadAction","target":["https:\/\/dev.gseo.dev\/plantbasedrds\/fr\/dieteticiens\/"]}]},{"@type":"BreadcrumbList","@id":"https:\/\/dev.gseo.dev\/plantbasedrds\/fr\/dieteticiens\/#breadcrumb","itemListElement":[{"@type":"ListItem","position":1,"name":"Home","item":"https:\/\/dev.gseo.dev\/plantbasedrds\/fr\/"},{"@type":"ListItem","position":2,"name":"Di\u00e9t\u00e9ticiens"}]},{"@type":"WebSite","@id":"https:\/\/dev.gseo.dev\/plantbasedrds\/#website","url":"https:\/\/dev.gseo.dev\/plantbasedrds\/","name":"Plant Based Dietitians","description":"Vegan &amp; Vegetarian Dietitians","potentialAction":[{"@type":"SearchAction","target":{"@type":"EntryPoint","urlTemplate":"https:\/\/dev.gseo.dev\/plantbasedrds\/?s={search_term_string}"},"query-input":"required name=search_term_string"}],"inLanguage":"fr-FR"}]}},"_links":{"self":[{"href":"https:\/\/dev.gseo.dev\/plantbasedrds\/fr\/wp-json\/wp\/v2\/pages\/1344","targetHints":{"allow":["GET"]}}],"collection":[{"href":"https:\/\/dev.gseo.dev\/plantbasedrds\/fr\/wp-json\/wp\/v2\/pages"}],"about":[{"href":"https:\/\/dev.gseo.dev\/plantbasedrds\/fr\/wp-json\/wp\/v2\/types\/page"}],"author":[{"embeddable":true,"href":"https:\/\/dev.gseo.dev\/plantbasedrds\/fr\/wp-json\/wp\/v2\/users\/1"}],"replies":[{"embeddable":true,"href":"https:\/\/dev.gseo.dev\/plantbasedrds\/fr\/wp-json\/wp\/v2\/comments?post=1344"}],"version-history":[{"count":4,"href":"https:\/\/dev.gseo.dev\/plantbasedrds\/fr\/wp-json\/wp\/v2\/pages\/1344\/revisions"}],"predecessor-version":[{"id":1441,"href":"https:\/\/dev.gseo.dev\/plantbasedrds\/fr\/wp-json\/wp\/v2\/pages\/1344\/revisions\/1441"}],"wp:attachment":[{"href":"https:\/\/dev.gseo.dev\/plantbasedrds\/fr\/wp-json\/wp\/v2\/media?parent=1344"}],"curies":[{"name":"wp","href":"https:\/\/api.w.org\/{rel}","templated":true}]}}