{"id":1409,"date":"2023-03-26T23:49:22","date_gmt":"2023-03-26T23:49:22","guid":{"rendered":"https:\/\/dev.gseo.dev\/plantbasedrds\/dietetistes-vegetaliens-du-quebec\/"},"modified":"2023-04-06T21:52:47","modified_gmt":"2023-04-06T21:52:47","slug":"dietetistes-vegetaliens-du-quebec","status":"publish","type":"page","link":"https:\/\/dev.gseo.dev\/plantbasedrds\/fr\/dietetistes-a-base-de-plantes-canada\/dietetistes-vegetaliens-du-quebec\/","title":{"rendered":"Di\u00e9t\u00e9tistes v\u00e9g\u00e9taliens du Qu\u00e9bec"},"content":{"rendered":"","protected":false},"excerpt":{"rendered":"","protected":false},"author":4,"featured_media":0,"parent":1432,"menu_order":0,"comment_status":"closed","ping_status":"closed","template":"","meta":{"footnotes":""},"class_list":["post-1409","page","type-page","status-publish","hentry"],"acf":[],"yoast_head":"<!-- This site is optimized with the Yoast SEO plugin v20.5 - https:\/\/yoast.com\/wordpress\/plugins\/seo\/ -->\n<title>Di\u00e9t\u00e9tistes v\u00e9g\u00e9taliens du Qu\u00e9bec - Plant Based Dietitians<\/title>\n<meta name=\"description\" content=\"Consultez un di\u00e9t\u00e9ticien ou un nutritionniste sp\u00e9cialis\u00e9 dans les produits v\u00e9g\u00e9taux pour obtenir des conseils. Toute personne r\u00e9sidant au Qu\u00e9bec peut b\u00e9n\u00e9ficier de consultations en ligne.\" \/>\n<meta name=\"robots\" content=\"noindex, follow, max-snippet:-1, max-image-preview:large, max-video-preview:-1\" \/>\n<meta property=\"og:locale\" content=\"fr_FR\" \/>\n<meta property=\"og:type\" content=\"article\" \/>\n<meta property=\"og:title\" content=\"Di\u00e9t\u00e9tistes v\u00e9g\u00e9taliens du Qu\u00e9bec - Plant Based Dietitians\" \/>\n<meta property=\"og:description\" content=\"Consultez un di\u00e9t\u00e9ticien ou un nutritionniste sp\u00e9cialis\u00e9 dans les produits v\u00e9g\u00e9taux pour obtenir des conseils. Toute personne r\u00e9sidant au Qu\u00e9bec peut b\u00e9n\u00e9ficier de consultations en ligne.\" \/>\n<meta property=\"og:url\" content=\"https:\/\/dev.gseo.dev\/plantbasedrds\/fr\/dietetistes-a-base-de-plantes-canada\/dietetistes-vegetaliens-du-quebec\/\" \/>\n<meta property=\"og:site_name\" content=\"Plant Based Dietitians\" \/>\n<meta property=\"article:modified_time\" content=\"2023-04-06T21:52:47+00:00\" \/>\n<meta name=\"twitter:card\" content=\"summary_large_image\" \/>\n<script type=\"application\/ld+json\" class=\"yoast-schema-graph\">{\"@context\":\"https:\/\/schema.org\",\"@graph\":[{\"@type\":\"WebPage\",\"@id\":\"https:\/\/dev.gseo.dev\/plantbasedrds\/fr\/dietetistes-a-base-de-plantes-canada\/dietetistes-vegetaliens-du-quebec\/\",\"url\":\"https:\/\/dev.gseo.dev\/plantbasedrds\/fr\/dietetistes-a-base-de-plantes-canada\/dietetistes-vegetaliens-du-quebec\/\",\"name\":\"Di\u00e9t\u00e9tistes v\u00e9g\u00e9taliens du Qu\u00e9bec - Plant Based Dietitians\",\"isPartOf\":{\"@id\":\"https:\/\/dev.gseo.dev\/plantbasedrds\/#website\"},\"datePublished\":\"2023-03-26T23:49:22+00:00\",\"dateModified\":\"2023-04-06T21:52:47+00:00\",\"description\":\"Consultez un di\u00e9t\u00e9ticien ou un nutritionniste sp\u00e9cialis\u00e9 dans les produits v\u00e9g\u00e9taux pour obtenir des conseils. Toute personne r\u00e9sidant au Qu\u00e9bec peut b\u00e9n\u00e9ficier de consultations en ligne.\",\"breadcrumb\":{\"@id\":\"https:\/\/dev.gseo.dev\/plantbasedrds\/fr\/dietetistes-a-base-de-plantes-canada\/dietetistes-vegetaliens-du-quebec\/#breadcrumb\"},\"inLanguage\":\"fr-FR\",\"potentialAction\":[{\"@type\":\"ReadAction\",\"target\":[\"https:\/\/dev.gseo.dev\/plantbasedrds\/fr\/dietetistes-a-base-de-plantes-canada\/dietetistes-vegetaliens-du-quebec\/\"]}]},{\"@type\":\"BreadcrumbList\",\"@id\":\"https:\/\/dev.gseo.dev\/plantbasedrds\/fr\/dietetistes-a-base-de-plantes-canada\/dietetistes-vegetaliens-du-quebec\/#breadcrumb\",\"itemListElement\":[{\"@type\":\"ListItem\",\"position\":1,\"name\":\"Home\",\"item\":\"https:\/\/dev.gseo.dev\/plantbasedrds\/fr\/\"},{\"@type\":\"ListItem\",\"position\":2,\"name\":\"Di\u00e9t\u00e9tistes \u00e0 base de plantes Canada\",\"item\":\"https:\/\/dev.gseo.dev\/plantbasedrds\/fr\/dietetistes-a-base-de-plantes-canada\/\"},{\"@type\":\"ListItem\",\"position\":3,\"name\":\"Di\u00e9t\u00e9tistes v\u00e9g\u00e9taliens du Qu\u00e9bec\"}]},{\"@type\":\"WebSite\",\"@id\":\"https:\/\/dev.gseo.dev\/plantbasedrds\/#website\",\"url\":\"https:\/\/dev.gseo.dev\/plantbasedrds\/\",\"name\":\"Plant Based Dietitians\",\"description\":\"Vegan &amp; Vegetarian Dietitians\",\"potentialAction\":[{\"@type\":\"SearchAction\",\"target\":{\"@type\":\"EntryPoint\",\"urlTemplate\":\"https:\/\/dev.gseo.dev\/plantbasedrds\/?s={search_term_string}\"},\"query-input\":\"required name=search_term_string\"}],\"inLanguage\":\"fr-FR\"}]}<\/script>\n<!-- \/ Yoast SEO plugin. -->","yoast_head_json":{"title":"Di\u00e9t\u00e9tistes v\u00e9g\u00e9taliens du Qu\u00e9bec - Plant Based Dietitians","description":"Consultez un di\u00e9t\u00e9ticien ou un nutritionniste sp\u00e9cialis\u00e9 dans les produits v\u00e9g\u00e9taux pour obtenir des conseils. Toute personne r\u00e9sidant au Qu\u00e9bec peut b\u00e9n\u00e9ficier de consultations en ligne.","robots":{"index":"noindex","follow":"follow","max-snippet":"max-snippet:-1","max-image-preview":"max-image-preview:large","max-video-preview":"max-video-preview:-1"},"og_locale":"fr_FR","og_type":"article","og_title":"Di\u00e9t\u00e9tistes v\u00e9g\u00e9taliens du Qu\u00e9bec - Plant Based Dietitians","og_description":"Consultez un di\u00e9t\u00e9ticien ou un nutritionniste sp\u00e9cialis\u00e9 dans les produits v\u00e9g\u00e9taux pour obtenir des conseils. Toute personne r\u00e9sidant au Qu\u00e9bec peut b\u00e9n\u00e9ficier de consultations en ligne.","og_url":"https:\/\/dev.gseo.dev\/plantbasedrds\/fr\/dietetistes-a-base-de-plantes-canada\/dietetistes-vegetaliens-du-quebec\/","og_site_name":"Plant Based Dietitians","article_modified_time":"2023-04-06T21:52:47+00:00","twitter_card":"summary_large_image","schema":{"@context":"https:\/\/schema.org","@graph":[{"@type":"WebPage","@id":"https:\/\/dev.gseo.dev\/plantbasedrds\/fr\/dietetistes-a-base-de-plantes-canada\/dietetistes-vegetaliens-du-quebec\/","url":"https:\/\/dev.gseo.dev\/plantbasedrds\/fr\/dietetistes-a-base-de-plantes-canada\/dietetistes-vegetaliens-du-quebec\/","name":"Di\u00e9t\u00e9tistes v\u00e9g\u00e9taliens du Qu\u00e9bec - Plant Based Dietitians","isPartOf":{"@id":"https:\/\/dev.gseo.dev\/plantbasedrds\/#website"},"datePublished":"2023-03-26T23:49:22+00:00","dateModified":"2023-04-06T21:52:47+00:00","description":"Consultez un di\u00e9t\u00e9ticien ou un nutritionniste sp\u00e9cialis\u00e9 dans les produits v\u00e9g\u00e9taux pour obtenir des conseils. Toute personne r\u00e9sidant au Qu\u00e9bec peut b\u00e9n\u00e9ficier de consultations en ligne.","breadcrumb":{"@id":"https:\/\/dev.gseo.dev\/plantbasedrds\/fr\/dietetistes-a-base-de-plantes-canada\/dietetistes-vegetaliens-du-quebec\/#breadcrumb"},"inLanguage":"fr-FR","potentialAction":[{"@type":"ReadAction","target":["https:\/\/dev.gseo.dev\/plantbasedrds\/fr\/dietetistes-a-base-de-plantes-canada\/dietetistes-vegetaliens-du-quebec\/"]}]},{"@type":"BreadcrumbList","@id":"https:\/\/dev.gseo.dev\/plantbasedrds\/fr\/dietetistes-a-base-de-plantes-canada\/dietetistes-vegetaliens-du-quebec\/#breadcrumb","itemListElement":[{"@type":"ListItem","position":1,"name":"Home","item":"https:\/\/dev.gseo.dev\/plantbasedrds\/fr\/"},{"@type":"ListItem","position":2,"name":"Di\u00e9t\u00e9tistes \u00e0 base de plantes Canada","item":"https:\/\/dev.gseo.dev\/plantbasedrds\/fr\/dietetistes-a-base-de-plantes-canada\/"},{"@type":"ListItem","position":3,"name":"Di\u00e9t\u00e9tistes v\u00e9g\u00e9taliens du Qu\u00e9bec"}]},{"@type":"WebSite","@id":"https:\/\/dev.gseo.dev\/plantbasedrds\/#website","url":"https:\/\/dev.gseo.dev\/plantbasedrds\/","name":"Plant Based Dietitians","description":"Vegan &amp; Vegetarian Dietitians","potentialAction":[{"@type":"SearchAction","target":{"@type":"EntryPoint","urlTemplate":"https:\/\/dev.gseo.dev\/plantbasedrds\/?s={search_term_string}"},"query-input":"required name=search_term_string"}],"inLanguage":"fr-FR"}]}},"_links":{"self":[{"href":"https:\/\/dev.gseo.dev\/plantbasedrds\/fr\/wp-json\/wp\/v2\/pages\/1409","targetHints":{"allow":["GET"]}}],"collection":[{"href":"https:\/\/dev.gseo.dev\/plantbasedrds\/fr\/wp-json\/wp\/v2\/pages"}],"about":[{"href":"https:\/\/dev.gseo.dev\/plantbasedrds\/fr\/wp-json\/wp\/v2\/types\/page"}],"author":[{"embeddable":true,"href":"https:\/\/dev.gseo.dev\/plantbasedrds\/fr\/wp-json\/wp\/v2\/users\/4"}],"replies":[{"embeddable":true,"href":"https:\/\/dev.gseo.dev\/plantbasedrds\/fr\/wp-json\/wp\/v2\/comments?post=1409"}],"version-history":[{"count":3,"href":"https:\/\/dev.gseo.dev\/plantbasedrds\/fr\/wp-json\/wp\/v2\/pages\/1409\/revisions"}],"predecessor-version":[{"id":1438,"href":"https:\/\/dev.gseo.dev\/plantbasedrds\/fr\/wp-json\/wp\/v2\/pages\/1409\/revisions\/1438"}],"up":[{"embeddable":true,"href":"https:\/\/dev.gseo.dev\/plantbasedrds\/fr\/wp-json\/wp\/v2\/pages\/1432"}],"wp:attachment":[{"href":"https:\/\/dev.gseo.dev\/plantbasedrds\/fr\/wp-json\/wp\/v2\/media?parent=1409"}],"curies":[{"name":"wp","href":"https:\/\/api.w.org\/{rel}","templated":true}]}}