{"id":1418,"date":"2023-03-30T12:18:48","date_gmt":"2023-03-30T12:18:48","guid":{"rendered":"https:\/\/dev.gseo.dev\/plantbasedrds\/procedure-et-frais\/"},"modified":"2023-04-06T21:54:27","modified_gmt":"2023-04-06T21:54:27","slug":"procedure-et-frais","status":"publish","type":"page","link":"https:\/\/dev.gseo.dev\/plantbasedrds\/fr\/procedure-et-frais\/","title":{"rendered":"Proc\u00e9dure et frais"},"content":{"rendered":"","protected":false},"excerpt":{"rendered":"","protected":false},"author":4,"featured_media":0,"parent":0,"menu_order":0,"comment_status":"closed","ping_status":"closed","template":"","meta":{"footnotes":""},"class_list":["post-1418","page","type-page","status-publish","hentry"],"acf":[],"yoast_head":"<!-- This site is optimized with the Yoast SEO plugin v20.5 - https:\/\/yoast.com\/wordpress\/plugins\/seo\/ -->\n<title>Proc\u00e9dure et frais - Plant Based Dietitians<\/title>\n<meta name=\"description\" content=\"Vous trouverez sur cette page toutes les informations n\u00e9cessaires concernant la proc\u00e9dure et les tarifs pour consulter l&#039;un de nos di\u00e9t\u00e9ticiens v\u00e9g\u00e9taliens.\" \/>\n<meta name=\"robots\" content=\"noindex, follow, max-snippet:-1, max-image-preview:large, max-video-preview:-1\" \/>\n<meta property=\"og:locale\" content=\"fr_FR\" \/>\n<meta property=\"og:type\" content=\"article\" \/>\n<meta property=\"og:title\" content=\"Proc\u00e9dure et frais - Plant Based Dietitians\" \/>\n<meta property=\"og:description\" content=\"Vous trouverez sur cette page toutes les informations n\u00e9cessaires concernant la proc\u00e9dure et les tarifs pour consulter l&#039;un de nos di\u00e9t\u00e9ticiens v\u00e9g\u00e9taliens.\" \/>\n<meta property=\"og:url\" content=\"https:\/\/dev.gseo.dev\/plantbasedrds\/fr\/procedure-et-frais\/\" \/>\n<meta property=\"og:site_name\" content=\"Plant Based Dietitians\" \/>\n<meta property=\"article:modified_time\" content=\"2023-04-06T21:54:27+00:00\" \/>\n<meta name=\"twitter:card\" content=\"summary_large_image\" \/>\n<script type=\"application\/ld+json\" class=\"yoast-schema-graph\">{\"@context\":\"https:\/\/schema.org\",\"@graph\":[{\"@type\":\"WebPage\",\"@id\":\"https:\/\/dev.gseo.dev\/plantbasedrds\/fr\/procedure-et-frais\/\",\"url\":\"https:\/\/dev.gseo.dev\/plantbasedrds\/fr\/procedure-et-frais\/\",\"name\":\"Proc\u00e9dure et frais - Plant Based Dietitians\",\"isPartOf\":{\"@id\":\"https:\/\/dev.gseo.dev\/plantbasedrds\/#website\"},\"datePublished\":\"2023-03-30T12:18:48+00:00\",\"dateModified\":\"2023-04-06T21:54:27+00:00\",\"description\":\"Vous trouverez sur cette page toutes les informations n\u00e9cessaires concernant la proc\u00e9dure et les tarifs pour consulter l'un de nos di\u00e9t\u00e9ticiens v\u00e9g\u00e9taliens.\",\"breadcrumb\":{\"@id\":\"https:\/\/dev.gseo.dev\/plantbasedrds\/fr\/procedure-et-frais\/#breadcrumb\"},\"inLanguage\":\"fr-FR\",\"potentialAction\":[{\"@type\":\"ReadAction\",\"target\":[\"https:\/\/dev.gseo.dev\/plantbasedrds\/fr\/procedure-et-frais\/\"]}]},{\"@type\":\"BreadcrumbList\",\"@id\":\"https:\/\/dev.gseo.dev\/plantbasedrds\/fr\/procedure-et-frais\/#breadcrumb\",\"itemListElement\":[{\"@type\":\"ListItem\",\"position\":1,\"name\":\"Home\",\"item\":\"https:\/\/dev.gseo.dev\/plantbasedrds\/fr\/\"},{\"@type\":\"ListItem\",\"position\":2,\"name\":\"Proc\u00e9dure et frais\"}]},{\"@type\":\"WebSite\",\"@id\":\"https:\/\/dev.gseo.dev\/plantbasedrds\/#website\",\"url\":\"https:\/\/dev.gseo.dev\/plantbasedrds\/\",\"name\":\"Plant Based Dietitians\",\"description\":\"Vegan &amp; Vegetarian Dietitians\",\"potentialAction\":[{\"@type\":\"SearchAction\",\"target\":{\"@type\":\"EntryPoint\",\"urlTemplate\":\"https:\/\/dev.gseo.dev\/plantbasedrds\/?s={search_term_string}\"},\"query-input\":\"required name=search_term_string\"}],\"inLanguage\":\"fr-FR\"}]}<\/script>\n<!-- \/ Yoast SEO plugin. -->","yoast_head_json":{"title":"Proc\u00e9dure et frais - Plant Based Dietitians","description":"Vous trouverez sur cette page toutes les informations n\u00e9cessaires concernant la proc\u00e9dure et les tarifs pour consulter l'un de nos di\u00e9t\u00e9ticiens v\u00e9g\u00e9taliens.","robots":{"index":"noindex","follow":"follow","max-snippet":"max-snippet:-1","max-image-preview":"max-image-preview:large","max-video-preview":"max-video-preview:-1"},"og_locale":"fr_FR","og_type":"article","og_title":"Proc\u00e9dure et frais - Plant Based Dietitians","og_description":"Vous trouverez sur cette page toutes les informations n\u00e9cessaires concernant la proc\u00e9dure et les tarifs pour consulter l'un de nos di\u00e9t\u00e9ticiens v\u00e9g\u00e9taliens.","og_url":"https:\/\/dev.gseo.dev\/plantbasedrds\/fr\/procedure-et-frais\/","og_site_name":"Plant Based Dietitians","article_modified_time":"2023-04-06T21:54:27+00:00","twitter_card":"summary_large_image","schema":{"@context":"https:\/\/schema.org","@graph":[{"@type":"WebPage","@id":"https:\/\/dev.gseo.dev\/plantbasedrds\/fr\/procedure-et-frais\/","url":"https:\/\/dev.gseo.dev\/plantbasedrds\/fr\/procedure-et-frais\/","name":"Proc\u00e9dure et frais - Plant Based Dietitians","isPartOf":{"@id":"https:\/\/dev.gseo.dev\/plantbasedrds\/#website"},"datePublished":"2023-03-30T12:18:48+00:00","dateModified":"2023-04-06T21:54:27+00:00","description":"Vous trouverez sur cette page toutes les informations n\u00e9cessaires concernant la proc\u00e9dure et les tarifs pour consulter l'un de nos di\u00e9t\u00e9ticiens v\u00e9g\u00e9taliens.","breadcrumb":{"@id":"https:\/\/dev.gseo.dev\/plantbasedrds\/fr\/procedure-et-frais\/#breadcrumb"},"inLanguage":"fr-FR","potentialAction":[{"@type":"ReadAction","target":["https:\/\/dev.gseo.dev\/plantbasedrds\/fr\/procedure-et-frais\/"]}]},{"@type":"BreadcrumbList","@id":"https:\/\/dev.gseo.dev\/plantbasedrds\/fr\/procedure-et-frais\/#breadcrumb","itemListElement":[{"@type":"ListItem","position":1,"name":"Home","item":"https:\/\/dev.gseo.dev\/plantbasedrds\/fr\/"},{"@type":"ListItem","position":2,"name":"Proc\u00e9dure et frais"}]},{"@type":"WebSite","@id":"https:\/\/dev.gseo.dev\/plantbasedrds\/#website","url":"https:\/\/dev.gseo.dev\/plantbasedrds\/","name":"Plant Based Dietitians","description":"Vegan &amp; Vegetarian Dietitians","potentialAction":[{"@type":"SearchAction","target":{"@type":"EntryPoint","urlTemplate":"https:\/\/dev.gseo.dev\/plantbasedrds\/?s={search_term_string}"},"query-input":"required name=search_term_string"}],"inLanguage":"fr-FR"}]}},"_links":{"self":[{"href":"https:\/\/dev.gseo.dev\/plantbasedrds\/fr\/wp-json\/wp\/v2\/pages\/1418","targetHints":{"allow":["GET"]}}],"collection":[{"href":"https:\/\/dev.gseo.dev\/plantbasedrds\/fr\/wp-json\/wp\/v2\/pages"}],"about":[{"href":"https:\/\/dev.gseo.dev\/plantbasedrds\/fr\/wp-json\/wp\/v2\/types\/page"}],"author":[{"embeddable":true,"href":"https:\/\/dev.gseo.dev\/plantbasedrds\/fr\/wp-json\/wp\/v2\/users\/4"}],"replies":[{"embeddable":true,"href":"https:\/\/dev.gseo.dev\/plantbasedrds\/fr\/wp-json\/wp\/v2\/comments?post=1418"}],"version-history":[{"count":6,"href":"https:\/\/dev.gseo.dev\/plantbasedrds\/fr\/wp-json\/wp\/v2\/pages\/1418\/revisions"}],"predecessor-version":[{"id":1440,"href":"https:\/\/dev.gseo.dev\/plantbasedrds\/fr\/wp-json\/wp\/v2\/pages\/1418\/revisions\/1440"}],"wp:attachment":[{"href":"https:\/\/dev.gseo.dev\/plantbasedrds\/fr\/wp-json\/wp\/v2\/media?parent=1418"}],"curies":[{"name":"wp","href":"https:\/\/api.w.org\/{rel}","templated":true}]}}